{"id":3579,"date":"2023-04-10T03:05:10","date_gmt":"2023-04-10T03:05:10","guid":{"rendered":"http:\/\/persianasbyc.com\/1\/?post_type=product&#038;p=3579"},"modified":"2025-10-05T13:58:10","modified_gmt":"2025-10-05T13:58:10","slug":"persianas-verticales","status":"publish","type":"product","link":"https:\/\/persianasbyc.com\/1\/?product=persianas-verticales","title":{"rendered":"Persianas Verticales"},"content":{"rendered":"<p><span style=\"color: #333333;\">Sistema ideal para cubrir ventanas de piso a techo que tienen acceso a otros espacios como balcones, terrazas, patios, entre otros. Este tipo de cortina se ajusta a la apertura de las ventanas: puede recoger al lado derecho, lado izquierdo y del centro a los extremos. Cuenta adem\u00e1s con la versatilidad de poder girar hasta 180\u00b0 las lamas (franjas de tela), que permite regular el ingreso de luz y visibilidad hacia el interior de los espacios.<\/span><\/p>\n<p><span style=\"color: #333333;\">Los tejidos Poli\u00e9ster permiten el ingreso de luz a los espacios, sin embargo, no permiten tener registro visual hacia el exterior. Est\u00e1n construidos con hilos de poli\u00e9ster y se recomienda, en caso de estar expuestas directamente a la luz del sol, instalar pel\u00edculas de control solar en los vidrios de las ventanas.<\/span><\/p>\n<p><span style=\"color: #333333;\">Los tejidos Screen permiten conservar buena parte del registro visual hacia el exterior de los espacios. Est\u00e1n construidos con hilos de poli\u00e9ster recubiertos con PVC, por lo cual, son resistentes a la luz del sol y de f\u00e1cil mantenimiento.<\/span><\/p>\n<div class=\"wpb_text_column wpb_content_element \">\n<div class=\"wpb_wrapper\">\n<h3><span style=\"color: #339966;\">Catalogos y M\u00e1s<\/span><\/h3>\n<\/div>\n<\/div>\n<div class=\"wpb_text_column wpb_content_element \">\n<div class=\"wpb_wrapper\">\n<h5><a href=\"http:\/\/persianasbyc.com\/1\/wp-content\/uploads\/2023\/03\/printed.pdf\">Ver Catalogo Colecci\u00f3n Printed<\/a><\/h5>\n<h5><a href=\"http:\/\/persianasbyc.com\/1\/wp-content\/uploads\/2023\/03\/screenasiaticas.pdf\">Ver Catalogo Screen Asiaticas<\/a><\/h5>\n<h5><a href=\"http:\/\/persianasbyc.com\/1\/wp-content\/uploads\/2023\/03\/screenesential.pdf\">Ver Catalogo Screen Esentials<\/a><\/h5>\n<h5><a href=\"http:\/\/persianasbyc.com\/1\/wp-content\/uploads\/2023\/03\/screenjacquard.pdf\">Ver Catalogo Screen Jacquard<\/a><\/h5>\n<h6><a href=\"http:\/\/persianasbyc.com\/1\/wp-content\/uploads\/2023\/03\/cenefas.pdf\">Ver Catalogo de Cenefas<\/a><\/h6>\n<h6><a href=\"http:\/\/persianasbyc.com\/1\/wp-content\/uploads\/2023\/03\/colores.pdf\">Ver Catalogo de Colores<\/a><\/h6>\n<h5><a href=\"http:\/\/persianasbyc.com\/1\/?page_id=3223\">COMO TOMAR LAS MEDIDAS<\/a><\/h5>\n<\/div>\n<\/div>\n","protected":false},"excerpt":{"rendered":"<div class=\"woocommerce-product-details__short-description\">\n<h5><a href=\"http:\/\/persianasbyc.com\/1\/?page_id=3223\">COMO TOMAR LAS MEDIDAS (clic aqu\u00ed)<\/a><\/h5>\n<p><span style=\"color: #333333;\">Para calcular metros cuadrados (m2) de una superficie, simplemente\u00a0<b>multiplica el largo por el ancho (en metros)<\/b>. Por ejemplo, para calcular la superficie de una persiana de 2m de largo por 1.5m de ancho, hacemos el c\u00e1lculo: 2 x 1.5= 3 metros cuadrados (m2).<\/span><\/p>\n<\/div>\n","protected":false},"featured_media":3469,"comment_status":"open","ping_status":"closed","template":"","meta":[],"product_cat":[220],"product_tag":[],"class_list":{"0":"post-3579","1":"product","2":"type-product","3":"status-publish","4":"has-post-thumbnail","6":"product_cat-persianas","8":"first","9":"instock","10":"shipping-taxable","11":"purchasable","12":"product-type-simple"},"_links":{"self":[{"href":"https:\/\/persianasbyc.com\/1\/index.php?rest_route=\/wp\/v2\/product\/3579","targetHints":{"allow":["GET"]}}],"collection":[{"href":"https:\/\/persianasbyc.com\/1\/index.php?rest_route=\/wp\/v2\/product"}],"about":[{"href":"https:\/\/persianasbyc.com\/1\/index.php?rest_route=\/wp\/v2\/types\/product"}],"replies":[{"embeddable":true,"href":"https:\/\/persianasbyc.com\/1\/index.php?rest_route=%2Fwp%2Fv2%2Fcomments&post=3579"}],"wp:featuredmedia":[{"embeddable":true,"href":"https:\/\/persianasbyc.com\/1\/index.php?rest_route=\/wp\/v2\/media\/3469"}],"wp:attachment":[{"href":"https:\/\/persianasbyc.com\/1\/index.php?rest_route=%2Fwp%2Fv2%2Fmedia&parent=3579"}],"wp:term":[{"taxonomy":"product_cat","embeddable":true,"href":"https:\/\/persianasbyc.com\/1\/index.php?rest_route=%2Fwp%2Fv2%2Fproduct_cat&post=3579"},{"taxonomy":"product_tag","embeddable":true,"href":"https:\/\/persianasbyc.com\/1\/index.php?rest_route=%2Fwp%2Fv2%2Fproduct_tag&post=3579"}],"curies":[{"name":"wp","href":"https:\/\/api.w.org\/{rel}","templated":true}]}}