{"id":3575,"date":"2023-04-07T16:07:19","date_gmt":"2023-04-07T16:07:19","guid":{"rendered":"http:\/\/persianasbyc.com\/1\/?post_type=product&#038;p=3575"},"modified":"2026-04-08T06:01:43","modified_gmt":"2026-04-08T06:01:43","slug":"sheer-elegance-screen","status":"publish","type":"product","link":"https:\/\/persianasbyc.com\/1\/?product=sheer-elegance-screen","title":{"rendered":"Sheer Elegance Screen Solar"},"content":{"rendered":"<p><span style=\"color: #333333;\">Este sistema es ideal para cubrir todo tipo de ventanas. Su accionamiento es vertical (sube y baja) al halar una cadena ubicada en uno de los extremos de la cortina. Al tener doble tela permite traslapar las franjas trasparentes y opacas para tener control de luz, registro visual y privacidad. Se recomienda para todo tipo de ventanas. Este sistema no se construye con telas Black Out.<\/span><\/p>\n<p><span style=\"color: #333333;\">Los tejidos Screen est\u00e1n construidos con hilos de poli\u00e9ster recubiertos con PVC, por lo cual, son resistentes a la luz del sol y de f\u00e1cil mantenimiento.<\/span><\/p>\n<div class=\"wpb_text_column wpb_content_element \">\n<div class=\"wpb_wrapper\">\n<h3><span style=\"color: #339966;\">Catalogos y M\u00e1s<\/span><\/h3>\n<\/div>\n<\/div>\n<div class=\"wpb_text_column wpb_content_element \">\n<div class=\"wpb_wrapper\">\n<h5><a href=\"http:\/\/persianasbyc.com\/1\/wp-content\/uploads\/2023\/03\/COLECCION-SCREEN.pdf\">VER CATALOGO COLECCI\u00d3N SCREEN SOLAR<\/a><\/h5>\n<h6><a href=\"http:\/\/persianasbyc.com\/1\/wp-content\/uploads\/2023\/03\/cenefas.pdf\">Ver Catalogo de Cenefas<\/a><\/h6>\n<h6><a href=\"http:\/\/persianasbyc.com\/1\/wp-content\/uploads\/2023\/03\/colores.pdf\">Ver Catalogo de Colores<\/a><\/h6>\n<h5><a href=\"http:\/\/persianasbyc.com\/1\/?page_id=3223\">COMO TOMAR LAS MEDIDAS<\/a><\/h5>\n<\/div>\n<\/div>\n","protected":false},"excerpt":{"rendered":"<div class=\"woocommerce-product-details__short-description\">\n<h5><a href=\"http:\/\/persianasbyc.com\/1\/?page_id=3223\">COMO TOMAR LAS MEDIDAS (clic aqu\u00ed)<\/a><\/h5>\n<p><span style=\"color: #333333;\">Para calcular metros cuadrados (m2) de una superficie, simplemente\u00a0<b>multiplica el largo por el ancho (en metros)<\/b>. Por ejemplo, para calcular la superficie de una persiana de 2m de largo por 1.5m de ancho, hacemos el c\u00e1lculo: 2 x 1.5= 3 metros cuadrados (m2).<\/span><\/p>\n<\/div>\n","protected":false},"featured_media":3255,"comment_status":"open","ping_status":"closed","template":"","meta":[],"product_cat":[220],"product_tag":[],"class_list":{"0":"post-3575","1":"product","2":"type-product","3":"status-publish","4":"has-post-thumbnail","6":"product_cat-persianas","8":"first","9":"instock","10":"shipping-taxable","11":"purchasable","12":"product-type-simple"},"_links":{"self":[{"href":"https:\/\/persianasbyc.com\/1\/index.php?rest_route=\/wp\/v2\/product\/3575","targetHints":{"allow":["GET"]}}],"collection":[{"href":"https:\/\/persianasbyc.com\/1\/index.php?rest_route=\/wp\/v2\/product"}],"about":[{"href":"https:\/\/persianasbyc.com\/1\/index.php?rest_route=\/wp\/v2\/types\/product"}],"replies":[{"embeddable":true,"href":"https:\/\/persianasbyc.com\/1\/index.php?rest_route=%2Fwp%2Fv2%2Fcomments&post=3575"}],"wp:featuredmedia":[{"embeddable":true,"href":"https:\/\/persianasbyc.com\/1\/index.php?rest_route=\/wp\/v2\/media\/3255"}],"wp:attachment":[{"href":"https:\/\/persianasbyc.com\/1\/index.php?rest_route=%2Fwp%2Fv2%2Fmedia&parent=3575"}],"wp:term":[{"taxonomy":"product_cat","embeddable":true,"href":"https:\/\/persianasbyc.com\/1\/index.php?rest_route=%2Fwp%2Fv2%2Fproduct_cat&post=3575"},{"taxonomy":"product_tag","embeddable":true,"href":"https:\/\/persianasbyc.com\/1\/index.php?rest_route=%2Fwp%2Fv2%2Fproduct_tag&post=3575"}],"curies":[{"name":"wp","href":"https:\/\/api.w.org\/{rel}","templated":true}]}}