{"id":3420,"date":"2023-03-28T16:04:01","date_gmt":"2023-03-28T16:04:01","guid":{"rendered":"http:\/\/persianasbyc.com\/1\/?page_id=3420"},"modified":"2023-03-28T16:04:01","modified_gmt":"2023-03-28T16:04:01","slug":"vertical-screen","status":"publish","type":"page","link":"https:\/\/persianasbyc.com\/1\/?page_id=3420","title":{"rendered":"Vertical Screen"},"content":{"rendered":"<p>[vc_row responsive=\u00bbvc_hidden-sm vc_hidden-xs\u00bb][vc_column][vc_gallery type=\u00bbimage_grid\u00bb images=\u00bb3421,3422,3423,3424,3425,3426,3427,3428,3429,3430&#8243; img_size=\u00bb230&#215;230&#8243;][\/vc_column][\/vc_row][vc_row responsive=\u00bbvc_hidden-lg vc_hidden-md\u00bb][vc_column][vc_gallery type=\u00bbimage_grid\u00bb images=\u00bb3430,3429,3428,3427,3426,3425,3424,3423,3422,3421&#8243; img_size=\u00bb180&#215;180&#8243;][\/vc_column][\/vc_row][vc_row][vc_column width=\u00bb1\/2&#8243;][vc_column_text]<span style=\"color: #333333;\">Sistema ideal para cubrir ventanas de piso a techo que tienen acceso a otros espacios como balcones, terrazas, patios, entre otros. Este tipo de cortina se ajusta a la apertura de las ventanas: puede recoger al lado derecho, lado izquierdo y del centro a los extremos. Cuenta adem\u00e1s con la versatilidad de poder girar hasta 180\u00b0 las lamas (franjas de tela), que permite regular el ingreso de luz y visibilidad hacia el interior de los espacios.<\/span><\/p>\n<p><span style=\"color: #333333;\">Los tejidos Screen permiten conservar buena parte del registro visual hacia el exterior de los espacios. Est\u00e1n construidos con hilos de poli\u00e9ster recubiertos con PVC, por lo cual, son resistentes a la luz del sol y de f\u00e1cil mantenimiento.<\/span><\/p>\n<h5><span style=\"color: #008000;\"><b>Valor m2 $ 154.000\u00a0 IVA incluido<\/b><\/span><\/h5>\n<p>[\/vc_column_text][\/vc_column][vc_column width=\u00bb1\/2&#8243;][vc_column_text]<\/p>\n<h3 style=\"text-align: right;\"><span style=\"color: #008000;\">Catalogos y M\u00e1s<\/span><\/h3>\n<p>[\/vc_column_text][vc_column_text]<\/p>\n<h5 style=\"text-align: right;\"><span style=\"color: #333333;\"><a style=\"color: #333333;\" href=\"http:\/\/persianasbyc.com\/1\/wp-content\/uploads\/2023\/03\/printed.pdf\">Ver Catalogo Colecci\u00f3n Printed<\/a><\/span><\/h5>\n<h5 style=\"text-align: right;\"><span style=\"color: #333333;\"><a style=\"color: #333333;\" href=\"http:\/\/persianasbyc.com\/1\/wp-content\/uploads\/2023\/03\/screenasiaticas.pdf\">Ver Catalogo Screen Asiaticas<\/a><\/span><\/h5>\n<h5 style=\"text-align: right;\"><a href=\"http:\/\/persianasbyc.com\/1\/wp-content\/uploads\/2023\/03\/screenesential.pdf\"><span style=\"color: #333333;\">Ver Catalogo Screen Esentials<\/span><\/a><\/h5>\n<h5 style=\"text-align: right;\"><a href=\"http:\/\/persianasbyc.com\/1\/wp-content\/uploads\/2023\/03\/screenjacquard.pdf\"><span style=\"color: #333333;\">Ver Catalogo Screen Jacquard<\/span><\/a><\/h5>\n<h6 style=\"text-align: right;\"><a href=\"http:\/\/persianasbyc.com\/1\/wp-content\/uploads\/2023\/03\/cenefas.pdf\">Ver Catalogo de Cenefas<\/a><\/h6>\n<h6 style=\"text-align: right;\"><a href=\"http:\/\/persianasbyc.com\/1\/wp-content\/uploads\/2023\/03\/colores.pdf\">Ver Catalogo de Colores<\/a><\/h6>\n<h5 style=\"text-align: right;\"><span style=\"color: #3366ff;\"><a style=\"color: #3366ff;\" href=\"http:\/\/persianasbyc.com\/1\/?page_id=3223\">COMO TOMAR LAS MEDIDAS <\/a><\/span><\/h5>\n<p>[\/vc_column_text][\/vc_column][\/vc_row][vc_row][vc_column][vc_raw_html]JTVCbmluamFfZm9ybSUyMGlkJTNEOSU1RCUwOQ==[\/vc_raw_html][\/vc_column][\/vc_row]<\/p>\n","protected":false},"excerpt":{"rendered":"<p>[vc_row responsive=\u00bbvc_hidden-sm vc_hidden-xs\u00bb][vc_column][vc_gallery type=\u00bbimage_grid\u00bb images=\u00bb3421,3422,3423,3424,3425,3426,3427,3428,3429,3430&#8243; img_size=\u00bb230&#215;230&#8243;][\/vc_column][\/vc_row][vc_row responsive=\u00bbvc_hidden-lg vc_hidden-md\u00bb][vc_column][vc_gallery type=\u00bbimage_grid\u00bb images=\u00bb3430,3429,3428,3427,3426,3425,3424,3423,3422,3421&#8243; img_size=\u00bb180&#215;180&#8243;][\/vc_column][\/vc_row][vc_row][vc_column width=\u00bb1\/2&#8243;][vc_column_text]Sistema ideal para cubrir ventanas de piso a techo que tienen acceso a otros espacios como balcones, terrazas, patios, entre otros. Este tipo de cortina se ajusta a la apertura de las ventanas: puede recoger al lado derecho, lado izquierdo y del centro a [&hellip;]<\/p>\n","protected":false},"author":1,"featured_media":0,"parent":0,"menu_order":0,"comment_status":"closed","ping_status":"closed","template":"","meta":{"footnotes":""},"class_list":["post-3420","page","type-page","status-publish","hentry"],"_links":{"self":[{"href":"https:\/\/persianasbyc.com\/1\/index.php?rest_route=\/wp\/v2\/pages\/3420","targetHints":{"allow":["GET"]}}],"collection":[{"href":"https:\/\/persianasbyc.com\/1\/index.php?rest_route=\/wp\/v2\/pages"}],"about":[{"href":"https:\/\/persianasbyc.com\/1\/index.php?rest_route=\/wp\/v2\/types\/page"}],"author":[{"embeddable":true,"href":"https:\/\/persianasbyc.com\/1\/index.php?rest_route=\/wp\/v2\/users\/1"}],"replies":[{"embeddable":true,"href":"https:\/\/persianasbyc.com\/1\/index.php?rest_route=%2Fwp%2Fv2%2Fcomments&post=3420"}],"version-history":[{"count":3,"href":"https:\/\/persianasbyc.com\/1\/index.php?rest_route=\/wp\/v2\/pages\/3420\/revisions"}],"predecessor-version":[{"id":3437,"href":"https:\/\/persianasbyc.com\/1\/index.php?rest_route=\/wp\/v2\/pages\/3420\/revisions\/3437"}],"wp:attachment":[{"href":"https:\/\/persianasbyc.com\/1\/index.php?rest_route=%2Fwp%2Fv2%2Fmedia&parent=3420"}],"curies":[{"name":"wp","href":"https:\/\/api.w.org\/{rel}","templated":true}]}}