{"id":3399,"date":"2023-03-28T01:40:47","date_gmt":"2023-03-28T01:40:47","guid":{"rendered":"http:\/\/persianasbyc.com\/1\/?page_id=3399"},"modified":"2023-03-28T01:53:46","modified_gmt":"2023-03-28T01:53:46","slug":"enrollable-poliester","status":"publish","type":"page","link":"https:\/\/persianasbyc.com\/1\/?page_id=3399","title":{"rendered":"Enrollable Poliester"},"content":{"rendered":"<p>[vc_row responsive=\u00bbvc_hidden-sm vc_hidden-xs\u00bb][vc_column][vc_gallery type=\u00bbimage_grid\u00bb images=\u00bb3400,3401,3402,3403,3404,3405,3406,3407&#8243; img_size=\u00bb230&#215;230&#8243;][\/vc_column][\/vc_row][vc_row responsive=\u00bbvc_hidden-lg vc_hidden-md\u00bb][vc_column][vc_gallery type=\u00bbimage_grid\u00bb images=\u00bb3391,3407,3406,3405,3404,3403,3402,3401,3400&#8243; img_size=\u00bb180&#215;180&#8243;][\/vc_column][\/vc_row][vc_row][vc_column width=\u00bb1\/2&#8243;][vc_column_text]<span style=\"color: #333333;\">Este sistema es ideal para cubrir todo tipo de ventanas. Su accionamiento es vertical (sube y baja) al halar una cadena ubicada en uno de los extremos de la cortina. Se recomienda para todo tipo de ventanas.<\/span><\/p>\n<p><span style=\"color: #333333;\">Los tejidos Poli\u00e9ster permiten el ingreso de luz a los espacios, sin embargo, no permiten tener registro visual hacia el exterior. Est\u00e1n construidos con hilos de poli\u00e9ster y se recomienda, en caso de estar expuestas directamente a la luz del sol, instalar pel\u00edculas de control solar en los vidrios de las ventanas.<\/span><\/p>\n<h5><span style=\"color: #008000;\"><b>Valor m2 $ 114.000\u00a0 IVA incluido<\/b><\/span><\/h5>\n<p>[\/vc_column_text][\/vc_column][vc_column width=\u00bb1\/2&#8243;][vc_column_text]<\/p>\n<h3 style=\"text-align: right;\"><span style=\"color: #008000;\">Catalogos y M\u00e1s<\/span><\/h3>\n<p>[\/vc_column_text][vc_column_text]<\/p>\n<h5 style=\"text-align: right;\"><a href=\"http:\/\/persianasbyc.com\/1\/wp-content\/uploads\/2023\/03\/printed-1.pdf\">Ver Catalogo Colecci\u00f3n Printed<\/a><\/h5>\n<h5 style=\"text-align: right;\"><a href=\"http:\/\/persianasbyc.com\/1\/wp-content\/uploads\/2023\/03\/telasopacas.pdf\">Ver Catalogo Telas Opacas<\/a><\/h5>\n<h5 style=\"text-align: right;\"><a href=\"http:\/\/persianasbyc.com\/1\/wp-content\/uploads\/2023\/03\/telastransparentes.pdf\">Ver Catalogo Telas Trasparentes<\/a><\/h5>\n<h6 style=\"text-align: right;\"><a href=\"http:\/\/persianasbyc.com\/1\/wp-content\/uploads\/2023\/03\/cenefas.pdf\">Ver Catalogo de Cenefas<\/a><\/h6>\n<h6 style=\"text-align: right;\"><a href=\"http:\/\/persianasbyc.com\/1\/wp-content\/uploads\/2023\/03\/colores.pdf\">Ver Catalogo de Colores<\/a><\/h6>\n<h5 style=\"text-align: right;\"><span style=\"color: #3366ff;\"><a style=\"color: #3366ff;\" href=\"http:\/\/persianasbyc.com\/1\/?page_id=3223\">COMO TOMAR LAS MEDIDAS <\/a><\/span><\/h5>\n<p>[\/vc_column_text][\/vc_column][\/vc_row][vc_row][vc_column][vc_raw_html]JTVCbmluamFfZm9ybSUyMGlkJTNEOCU1RCUwOQ==[\/vc_raw_html][\/vc_column][\/vc_row]<\/p>\n","protected":false},"excerpt":{"rendered":"<p>[vc_row responsive=\u00bbvc_hidden-sm vc_hidden-xs\u00bb][vc_column][vc_gallery type=\u00bbimage_grid\u00bb images=\u00bb3400,3401,3402,3403,3404,3405,3406,3407&#8243; img_size=\u00bb230&#215;230&#8243;][\/vc_column][\/vc_row][vc_row responsive=\u00bbvc_hidden-lg vc_hidden-md\u00bb][vc_column][vc_gallery type=\u00bbimage_grid\u00bb images=\u00bb3391,3407,3406,3405,3404,3403,3402,3401,3400&#8243; img_size=\u00bb180&#215;180&#8243;][\/vc_column][\/vc_row][vc_row][vc_column width=\u00bb1\/2&#8243;][vc_column_text]Este sistema es ideal para cubrir todo tipo de ventanas. Su accionamiento es vertical (sube y baja) al halar una cadena ubicada en uno de los extremos de la cortina. Se recomienda para todo tipo de ventanas. Los tejidos Poli\u00e9ster permiten el ingreso de [&hellip;]<\/p>\n","protected":false},"author":1,"featured_media":0,"parent":0,"menu_order":0,"comment_status":"closed","ping_status":"closed","template":"","meta":{"footnotes":""},"class_list":["post-3399","page","type-page","status-publish","hentry"],"_links":{"self":[{"href":"https:\/\/persianasbyc.com\/1\/index.php?rest_route=\/wp\/v2\/pages\/3399","targetHints":{"allow":["GET"]}}],"collection":[{"href":"https:\/\/persianasbyc.com\/1\/index.php?rest_route=\/wp\/v2\/pages"}],"about":[{"href":"https:\/\/persianasbyc.com\/1\/index.php?rest_route=\/wp\/v2\/types\/page"}],"author":[{"embeddable":true,"href":"https:\/\/persianasbyc.com\/1\/index.php?rest_route=\/wp\/v2\/users\/1"}],"replies":[{"embeddable":true,"href":"https:\/\/persianasbyc.com\/1\/index.php?rest_route=%2Fwp%2Fv2%2Fcomments&post=3399"}],"version-history":[{"count":2,"href":"https:\/\/persianasbyc.com\/1\/index.php?rest_route=\/wp\/v2\/pages\/3399\/revisions"}],"predecessor-version":[{"id":3409,"href":"https:\/\/persianasbyc.com\/1\/index.php?rest_route=\/wp\/v2\/pages\/3399\/revisions\/3409"}],"wp:attachment":[{"href":"https:\/\/persianasbyc.com\/1\/index.php?rest_route=%2Fwp%2Fv2%2Fmedia&parent=3399"}],"curies":[{"name":"wp","href":"https:\/\/api.w.org\/{rel}","templated":true}]}}