{"id":3359,"date":"2023-03-28T01:05:15","date_gmt":"2023-03-28T01:05:15","guid":{"rendered":"http:\/\/persianasbyc.com\/1\/?page_id=3359"},"modified":"2023-03-28T01:10:50","modified_gmt":"2023-03-28T01:10:50","slug":"enrollable-blackout","status":"publish","type":"page","link":"https:\/\/persianasbyc.com\/1\/?page_id=3359","title":{"rendered":"Enrollable Blackout"},"content":{"rendered":"<p>[vc_row responsive=\u00bbvc_hidden-sm vc_hidden-xs\u00bb][vc_column][vc_gallery type=\u00bbimage_grid\u00bb images=\u00bb3360,3361,3362,3363,3364,3365,3366,3368,3369,3370&#8243; img_size=\u00bb230&#215;230&#8243;][\/vc_column][\/vc_row][vc_row responsive=\u00bbvc_hidden-lg vc_hidden-md\u00bb][vc_column][vc_gallery type=\u00bbimage_grid\u00bb images=\u00bb3370,3369,3368,3367,3366,3365,3364,3363,3362,3361&#8243; img_size=\u00bb180&#215;180&#8243;][\/vc_column][\/vc_row][vc_row][vc_column width=\u00bb1\/2&#8243;][vc_column_text]<span style=\"color: #333333;\">Este sistema es ideal para cubrir todo tipo de ventanas. Su accionamiento es vertical (sube y baja) al halar una cadena ubicada en uno de los extremos de la cortina. Se recomienda para todo tipo de ventanas.<\/span><\/p>\n<p><span style=\"color: #333333;\">Los tejidos Black Out disminuyen el ingreso de luz a los espacios. Est\u00e1n construidos con cuatro capas de materiales: dos capas externas de PVC, una capa interna de poli\u00e9ster y otra de fibra de vidrio. Esta \u00faltima capa de fibra de vidrio es la que evita que pase la luz a trav\u00e9s del tejido. Las capas externas de PVC son resistentes a la luz del sol y de f\u00e1cil mantenimiento.<\/span><\/p>\n<h5><span style=\"color: #008000;\"><b>Valor m2 $ 71.000\u00a0 IVA incluido<\/b><\/span><\/h5>\n<p>[\/vc_column_text][\/vc_column][vc_column width=\u00bb1\/2&#8243;][vc_column_text]<\/p>\n<h3 style=\"text-align: right;\"><span style=\"color: #008000;\">Catalogos y M\u00e1s<\/span><\/h3>\n<p>[\/vc_column_text][vc_column_text]<\/p>\n<h6 style=\"text-align: right;\"><a href=\"http:\/\/persianasbyc.com\/1\/wp-content\/uploads\/2023\/03\/cenefas.pdf\">Ver Catalogo de Cenefas<\/a><\/h6>\n<h6 style=\"text-align: right;\"><a href=\"http:\/\/persianasbyc.com\/1\/wp-content\/uploads\/2023\/03\/colores.pdf\">Ver Catalogo de Colores<\/a><\/h6>\n<h5 style=\"text-align: right;\"><span style=\"color: #3366ff;\"><a style=\"color: #3366ff;\" href=\"http:\/\/persianasbyc.com\/1\/?page_id=3223\">COMO TOMAR LAS MEDIDAS <\/a><\/span><\/h5>\n<p>[\/vc_column_text][\/vc_column][\/vc_row][vc_row][vc_column][vc_raw_html]JTVCbmluamFfZm9ybSUyMGlkJTNENiU1RCUwOQ==[\/vc_raw_html][\/vc_column][\/vc_row]<\/p>\n","protected":false},"excerpt":{"rendered":"<p>[vc_row responsive=\u00bbvc_hidden-sm vc_hidden-xs\u00bb][vc_column][vc_gallery type=\u00bbimage_grid\u00bb images=\u00bb3360,3361,3362,3363,3364,3365,3366,3368,3369,3370&#8243; img_size=\u00bb230&#215;230&#8243;][\/vc_column][\/vc_row][vc_row responsive=\u00bbvc_hidden-lg vc_hidden-md\u00bb][vc_column][vc_gallery type=\u00bbimage_grid\u00bb images=\u00bb3370,3369,3368,3367,3366,3365,3364,3363,3362,3361&#8243; img_size=\u00bb180&#215;180&#8243;][\/vc_column][\/vc_row][vc_row][vc_column width=\u00bb1\/2&#8243;][vc_column_text]Este sistema es ideal para cubrir todo tipo de ventanas. Su accionamiento es vertical (sube y baja) al halar una cadena ubicada en uno de los extremos de la cortina. Se recomienda para todo tipo de ventanas. Los tejidos Black Out disminuyen el ingreso [&hellip;]<\/p>\n","protected":false},"author":1,"featured_media":0,"parent":0,"menu_order":0,"comment_status":"closed","ping_status":"closed","template":"","meta":{"footnotes":""},"class_list":["post-3359","page","type-page","status-publish","hentry"],"_links":{"self":[{"href":"https:\/\/persianasbyc.com\/1\/index.php?rest_route=\/wp\/v2\/pages\/3359","targetHints":{"allow":["GET"]}}],"collection":[{"href":"https:\/\/persianasbyc.com\/1\/index.php?rest_route=\/wp\/v2\/pages"}],"about":[{"href":"https:\/\/persianasbyc.com\/1\/index.php?rest_route=\/wp\/v2\/types\/page"}],"author":[{"embeddable":true,"href":"https:\/\/persianasbyc.com\/1\/index.php?rest_route=\/wp\/v2\/users\/1"}],"replies":[{"embeddable":true,"href":"https:\/\/persianasbyc.com\/1\/index.php?rest_route=%2Fwp%2Fv2%2Fcomments&post=3359"}],"version-history":[{"count":4,"href":"https:\/\/persianasbyc.com\/1\/index.php?rest_route=\/wp\/v2\/pages\/3359\/revisions"}],"predecessor-version":[{"id":3380,"href":"https:\/\/persianasbyc.com\/1\/index.php?rest_route=\/wp\/v2\/pages\/3359\/revisions\/3380"}],"wp:attachment":[{"href":"https:\/\/persianasbyc.com\/1\/index.php?rest_route=%2Fwp%2Fv2%2Fmedia&parent=3359"}],"curies":[{"name":"wp","href":"https:\/\/api.w.org\/{rel}","templated":true}]}}