{"id":3286,"date":"2023-03-27T21:06:20","date_gmt":"2023-03-27T21:06:20","guid":{"rendered":"http:\/\/persianasbyc.com\/1\/?page_id=3286"},"modified":"2023-03-28T01:11:26","modified_gmt":"2023-03-28T01:11:26","slug":"sheer-elegance-poliester","status":"publish","type":"page","link":"https:\/\/persianasbyc.com\/1\/?page_id=3286","title":{"rendered":"Sheer Elegance Poliester"},"content":{"rendered":"<p>[vc_row responsive=\u00bbvc_hidden-sm vc_hidden-xs\u00bb][vc_column][vc_gallery type=\u00bbimage_grid\u00bb images=\u00bb3291,3292,3294,3290,3295,3296,3297,3298,3299,3300&#8243; img_size=\u00bb230&#215;230&#8243;][\/vc_column][\/vc_row][vc_row responsive=\u00bbvc_hidden-lg vc_hidden-md\u00bb][vc_column][vc_gallery type=\u00bbimage_grid\u00bb images=\u00bb3300,3299,3298,3297,3296,3295,3294,3292,3291,3290&#8243; img_size=\u00bb180&#215;180&#8243;][\/vc_column][\/vc_row][vc_row][vc_column width=\u00bb1\/2&#8243;][vc_column_text]<span style=\"color: #333333;\">Este sistema es ideal para cubrir todo tipo de ventanas. Su accionamiento es vertical (sube y baja) al halar una cadena ubicada en uno de los extremos de la cortina. Al tener doble tela permite traslapar las franjas trasparentes y opacas para tener control de luz, registro visual y privacidad. Se recomienda para todo tipo de ventanas. Este sistema no se construye con telas Black Out.<\/span><\/p>\n<p><span style=\"color: #333333;\">Est\u00e1n construidos con hilos de poli\u00e9ster y se recomienda, en caso de estar expuestas directamente a la luz del sol, instalar pel\u00edculas de control solar en los vidrios de las ventanas.<\/span><\/p>\n<h5><span style=\"color: #008000;\"><b>Valor m2 $ 151.693\u00a0 IVA incluido<\/b><\/span><\/h5>\n<p>[\/vc_column_text][\/vc_column][vc_column width=\u00bb1\/2&#8243;][vc_column_text]<\/p>\n<h3 style=\"text-align: right;\"><span style=\"color: #008000;\">Catalogos y M\u00e1s<\/span><\/h3>\n<p>[\/vc_column_text][vc_column_text]<\/p>\n<h5 style=\"text-align: right;\"><a href=\"http:\/\/persianasbyc.com\/1\/wp-content\/uploads\/2023\/03\/COLECCION-POLIESTER.pdf\">VER CATALOGO COLECCI\u00d3N POLIESTER<\/a><\/h5>\n<h6 style=\"text-align: right;\"><a href=\"http:\/\/persianasbyc.com\/1\/wp-content\/uploads\/2023\/03\/cenefas.pdf\">Ver Catalogo de Cenefas<\/a><\/h6>\n<h6 style=\"text-align: right;\"><a href=\"http:\/\/persianasbyc.com\/1\/wp-content\/uploads\/2023\/03\/colores.pdf\">Ver Catalogo de Colores<\/a><\/h6>\n<h5 style=\"text-align: right;\"><span style=\"color: #3366ff;\"><a style=\"color: #3366ff;\" href=\"http:\/\/persianasbyc.com\/1\/?page_id=3223\">COMO TOMAR LAS MEDIDAS<\/a><\/span><\/h5>\n<p>[\/vc_column_text][\/vc_column][\/vc_row][vc_row][vc_column][vc_raw_html]JTVCbmluamFfZm9ybSUyMGlkJTNEMyU1RCUwOQ==[\/vc_raw_html][\/vc_column][\/vc_row]<\/p>\n","protected":false},"excerpt":{"rendered":"<p>[vc_row responsive=\u00bbvc_hidden-sm vc_hidden-xs\u00bb][vc_column][vc_gallery type=\u00bbimage_grid\u00bb images=\u00bb3291,3292,3294,3290,3295,3296,3297,3298,3299,3300&#8243; img_size=\u00bb230&#215;230&#8243;][\/vc_column][\/vc_row][vc_row responsive=\u00bbvc_hidden-lg vc_hidden-md\u00bb][vc_column][vc_gallery type=\u00bbimage_grid\u00bb images=\u00bb3300,3299,3298,3297,3296,3295,3294,3292,3291,3290&#8243; img_size=\u00bb180&#215;180&#8243;][\/vc_column][\/vc_row][vc_row][vc_column width=\u00bb1\/2&#8243;][vc_column_text]Este sistema es ideal para cubrir todo tipo de ventanas. Su accionamiento es vertical (sube y baja) al halar una cadena ubicada en uno de los extremos de la cortina. Al tener doble tela permite traslapar las franjas trasparentes y opacas para tener control [&hellip;]<\/p>\n","protected":false},"author":1,"featured_media":0,"parent":0,"menu_order":0,"comment_status":"closed","ping_status":"closed","template":"","meta":{"footnotes":""},"class_list":["post-3286","page","type-page","status-publish","hentry"],"_links":{"self":[{"href":"https:\/\/persianasbyc.com\/1\/index.php?rest_route=\/wp\/v2\/pages\/3286","targetHints":{"allow":["GET"]}}],"collection":[{"href":"https:\/\/persianasbyc.com\/1\/index.php?rest_route=\/wp\/v2\/pages"}],"about":[{"href":"https:\/\/persianasbyc.com\/1\/index.php?rest_route=\/wp\/v2\/types\/page"}],"author":[{"embeddable":true,"href":"https:\/\/persianasbyc.com\/1\/index.php?rest_route=\/wp\/v2\/users\/1"}],"replies":[{"embeddable":true,"href":"https:\/\/persianasbyc.com\/1\/index.php?rest_route=%2Fwp%2Fv2%2Fcomments&post=3286"}],"version-history":[{"count":5,"href":"https:\/\/persianasbyc.com\/1\/index.php?rest_route=\/wp\/v2\/pages\/3286\/revisions"}],"predecessor-version":[{"id":3382,"href":"https:\/\/persianasbyc.com\/1\/index.php?rest_route=\/wp\/v2\/pages\/3286\/revisions\/3382"}],"wp:attachment":[{"href":"https:\/\/persianasbyc.com\/1\/index.php?rest_route=%2Fwp%2Fv2%2Fmedia&parent=3286"}],"curies":[{"name":"wp","href":"https:\/\/api.w.org\/{rel}","templated":true}]}}