{"id":164,"date":"2021-04-20T09:57:37","date_gmt":"2021-04-20T09:57:37","guid":{"rendered":"http:\/\/persianasbyc.com\/1\/?page_id=164"},"modified":"2023-03-29T15:49:30","modified_gmt":"2023-03-29T15:49:30","slug":"about-us-01","status":"publish","type":"page","link":"https:\/\/persianasbyc.com\/1\/?page_id=164","title":{"rendered":"Sobre Nosotros"},"content":{"rendered":"<p>[vc_row full_width=\u00bbstretch_row\u00bb full_height=\u00bbyes\u00bb columns_placement=\u00bbtop\u00bb css=\u00bb.vc_custom_1680104774747{background-image: url(http:\/\/persianasbyc.com\/1\/wp-content\/uploads\/2023\/03\/gardinhd-cat-enrollable-screen.jpg?id=3392) !important;background-position: center !important;background-repeat: no-repeat !important;background-size: cover !important;}\u00bb el_class=\u00bbvc-col-no-pt\u00bb][vc_column][g5element_space spacing=\u00bb245&#8243; spacing_md=\u00bb120&#8243;][g5element_heading layout_style=\u00bbstyle-02&#8243; title=\u00bbNOSOTROS\u00bb subtitle=\u00bbTODO SOBRE\u00bb switch_line_field=\u00bbon\u00bb title_typography=\u00bb%7B%22font_family%22%3A%22%22%2C%22font_weight%22%3A%22%22%2C%22font_style%22%3A%22%22%2C%22font_size_lg%22%3A%22100%22%2C%22font_size_md%22%3A%22%22%2C%22font_size_sm%22%3A%22%22%2C%22font_size_xs%22%3A%2260%22%2C%22align%22%3A%22%22%2C%22text_transform%22%3A%22%22%2C%22line_height%22%3A%221%22%2C%22letter_spacing%22%3A%22%22%2C%22color%22%3A%22%23ffffff%22%2C%22hover_color%22%3A%22%22%7D\u00bb subtitle_typography=\u00bb%7B%22font_family%22%3A%22%22%2C%22font_weight%22%3A%22%22%2C%22font_style%22%3A%22%22%2C%22font_size_lg%22%3A%2220%22%2C%22font_size_md%22%3A%22%22%2C%22font_size_sm%22%3A%22%22%2C%22font_size_xs%22%3A%22%22%2C%22align%22%3A%22%22%2C%22text_transform%22%3A%22capitalize%22%2C%22line_height%22%3A%22%22%2C%22letter_spacing%22%3A%220%22%2C%22color%22%3A%22%23ffffff%22%2C%22hover_color%22%3A%22%22%7D\u00bb][\/vc_column][\/vc_row][vc_row][vc_column offset=\u00bbvc_col-lg-offset-1 vc_col-lg-10 vc_col-md-12&#8243; el_class=\u00bblg-col-pd-left-right-15&#8243; css=\u00bb.vc_custom_1620197640542{padding-right: 85px !important;padding-left: 85px !important;}\u00bb][g5element_space spacing=\u00bb38&#8243; spacing_md=\u00bb18&#8243;][vc_column_text css=\u00bb.vc_custom_1680104859284{margin-bottom: 0px !important;}\u00bb]<\/p>\n<h5 style=\"text-align: center;\"><span style=\"color: #333333;\">Nuestra empresa ofrece calidad, servicio y garant\u00eda de nuestros productos. Estamos a la vanguardia en las tendencias de decoraci\u00f3n de espacios interiores para hogar, oficina y proyectos institucionales. Nuestras\u00a0<strong>persianas<\/strong> cuentan con sistema de f\u00e1cil instalaci\u00f3n y mantenimiento.<\/span><\/h5>\n<p style=\"text-align: center;\"><span style=\"color: #333333;\">Nuestras persianas cuentan con los m\u00e1s altos est\u00e1ndares de calidad, siempre que adquieras un de nuestros productos estar\u00e1s comprando el respaldo y garant\u00eda de nuestra empresa que cuenta con m\u00e1s de 5 a\u00f1os en el mercado de persianas y decoraci\u00f3n\u00a0 en Colombia.<\/span><\/p>\n<p style=\"text-align: center;\"><span style=\"color: #333333;\">Te invitamos a conocer nuestro amplio portafolio de productos, cada uno pensado y desarrollado exclusivamente para un completo confort y comodidad en todos tus espacios.<\/span><\/p>\n<p>&nbsp;<\/p>\n<h5><span style=\"color: #333333;\"><strong><img loading=\"lazy\" decoding=\"async\" class=\"size-medium wp-image-3541 alignright\" src=\"http:\/\/persianasbyc.com\/1\/wp-content\/uploads\/2023\/03\/LOGO-B-AND-C-DECORACIONES-05-300x241.jpg\" alt=\"\" width=\"300\" height=\"241\" srcset=\"https:\/\/persianasbyc.com\/1\/wp-content\/uploads\/2023\/03\/LOGO-B-AND-C-DECORACIONES-05-300x241.jpg 300w, https:\/\/persianasbyc.com\/1\/wp-content\/uploads\/2023\/03\/LOGO-B-AND-C-DECORACIONES-05-1024x824.jpg 1024w, https:\/\/persianasbyc.com\/1\/wp-content\/uploads\/2023\/03\/LOGO-B-AND-C-DECORACIONES-05-768x618.jpg 768w, https:\/\/persianasbyc.com\/1\/wp-content\/uploads\/2023\/03\/LOGO-B-AND-C-DECORACIONES-05-1536x1236.jpg 1536w, https:\/\/persianasbyc.com\/1\/wp-content\/uploads\/2023\/03\/LOGO-B-AND-C-DECORACIONES-05-2048x1648.jpg 2048w, https:\/\/persianasbyc.com\/1\/wp-content\/uploads\/2023\/03\/LOGO-B-AND-C-DECORACIONES-05-600x483.jpg 600w\" sizes=\"auto, (max-width: 300px) 100vw, 300px\" \/>Diferentes opciones de acuerdo a tu necesidad.<\/strong><\/span><\/h5>\n<p>&nbsp;<\/p>\n<p><span style=\"color: #333333;\">Protege vitrinas<\/span><\/p>\n<p><span style=\"color: #333333;\">Estandariza fachadas<\/span><\/p>\n<p><span style=\"color: #333333;\">Reduce temperaturas<\/span><\/p>\n<p><span style=\"color: #333333;\">Protege mobiliario y personas contra los rayos del sol.<\/span><\/p>\n<p><span style=\"color: #333333;\">Economiza energ\u00eda<\/span><\/p>\n<p><span style=\"color: #333333;\">Valoriza la arquitectura<\/span><\/p>\n<p><span style=\"color: #333333;\">Optimiza la luz natural<\/span><\/p>\n<p><span style=\"color: #333333;\">Confort visual<\/span><\/p>\n<p><span style=\"color: #333333;\">Aumenta el \u00e1rea \u00fatil<\/span><\/p>\n<p><span style=\"color: #333333;\">Privacidad<\/span>[\/vc_column_text][g5element_space spacing=\u00bb150&#8243; spacing_md=\u00bb120&#8243;][\/vc_column][\/vc_row]<\/p>\n","protected":false},"excerpt":{"rendered":"<p>[vc_row full_width=\u00bbstretch_row\u00bb full_height=\u00bbyes\u00bb columns_placement=\u00bbtop\u00bb css=\u00bb.vc_custom_1680104774747{background-image: url(http:\/\/persianasbyc.com\/1\/wp-content\/uploads\/2023\/03\/gardinhd-cat-enrollable-screen.jpg?id=3392) !important;background-position: center !important;background-repeat: no-repeat !important;background-size: cover !important;}\u00bb el_class=\u00bbvc-col-no-pt\u00bb][vc_column][g5element_space spacing=\u00bb245&#8243; spacing_md=\u00bb120&#8243;][g5element_heading layout_style=\u00bbstyle-02&#8243; title=\u00bbNOSOTROS\u00bb subtitle=\u00bbTODO SOBRE\u00bb switch_line_field=\u00bbon\u00bb title_typography=\u00bb%7B%22font_family%22%3A%22%22%2C%22font_weight%22%3A%22%22%2C%22font_style%22%3A%22%22%2C%22font_size_lg%22%3A%22100%22%2C%22font_size_md%22%3A%22%22%2C%22font_size_sm%22%3A%22%22%2C%22font_size_xs%22%3A%2260%22%2C%22align%22%3A%22%22%2C%22text_transform%22%3A%22%22%2C%22line_height%22%3A%221%22%2C%22letter_spacing%22%3A%22%22%2C%22color%22%3A%22%23ffffff%22%2C%22hover_color%22%3A%22%22%7D\u00bb subtitle_typography=\u00bb%7B%22font_family%22%3A%22%22%2C%22font_weight%22%3A%22%22%2C%22font_style%22%3A%22%22%2C%22font_size_lg%22%3A%2220%22%2C%22font_size_md%22%3A%22%22%2C%22font_size_sm%22%3A%22%22%2C%22font_size_xs%22%3A%22%22%2C%22align%22%3A%22%22%2C%22text_transform%22%3A%22capitalize%22%2C%22line_height%22%3A%22%22%2C%22letter_spacing%22%3A%220%22%2C%22color%22%3A%22%23ffffff%22%2C%22hover_color%22%3A%22%22%7D\u00bb][\/vc_column][\/vc_row][vc_row][vc_column offset=\u00bbvc_col-lg-offset-1 vc_col-lg-10 vc_col-md-12&#8243; el_class=\u00bblg-col-pd-left-right-15&#8243; css=\u00bb.vc_custom_1620197640542{padding-right: 85px !important;padding-left: 85px !important;}\u00bb][g5element_space spacing=\u00bb38&#8243; spacing_md=\u00bb18&#8243;][vc_column_text css=\u00bb.vc_custom_1680104859284{margin-bottom: 0px !important;}\u00bb] Nuestra empresa ofrece calidad, servicio y garant\u00eda de nuestros productos. Estamos a la vanguardia en las tendencias de [&hellip;]<\/p>\n","protected":false},"author":1,"featured_media":0,"parent":0,"menu_order":0,"comment_status":"closed","ping_status":"closed","template":"","meta":{"footnotes":""},"class_list":["post-164","page","type-page","status-publish","hentry"],"_links":{"self":[{"href":"https:\/\/persianasbyc.com\/1\/index.php?rest_route=\/wp\/v2\/pages\/164","targetHints":{"allow":["GET"]}}],"collection":[{"href":"https:\/\/persianasbyc.com\/1\/index.php?rest_route=\/wp\/v2\/pages"}],"about":[{"href":"https:\/\/persianasbyc.com\/1\/index.php?rest_route=\/wp\/v2\/types\/page"}],"author":[{"embeddable":true,"href":"https:\/\/persianasbyc.com\/1\/index.php?rest_route=\/wp\/v2\/users\/1"}],"replies":[{"embeddable":true,"href":"https:\/\/persianasbyc.com\/1\/index.php?rest_route=%2Fwp%2Fv2%2Fcomments&post=164"}],"version-history":[{"count":20,"href":"https:\/\/persianasbyc.com\/1\/index.php?rest_route=\/wp\/v2\/pages\/164\/revisions"}],"predecessor-version":[{"id":3542,"href":"https:\/\/persianasbyc.com\/1\/index.php?rest_route=\/wp\/v2\/pages\/164\/revisions\/3542"}],"wp:attachment":[{"href":"https:\/\/persianasbyc.com\/1\/index.php?rest_route=%2Fwp%2Fv2%2Fmedia&parent=164"}],"curies":[{"name":"wp","href":"https:\/\/api.w.org\/{rel}","templated":true}]}}